{"id":5796,"date":"2024-02-27T14:58:38","date_gmt":"2024-02-27T19:58:38","guid":{"rendered":"https:\/\/deptest.nj.gov\/newsrel\/?page_id=5796"},"modified":"2026-01-15T11:28:55","modified_gmt":"2026-01-15T16:28:55","slug":"notices","status":"publish","type":"page","link":"https:\/\/deptest.nj.gov\/newsrel\/notices\/","title":{"rendered":"Public Notifications"},"content":{"rendered":"<p>[vc_row full_width=&#8221;stretch_row_content_no_spaces&#8221;][vc_column][vc_column_text]<img decoding=\"async\" class=\"img-fluid w-100\" src=\"https:\/\/deptest.nj.gov\/newsrel\/wp-content\/uploads\/sites\/32\/banner\/njdep-notices.jpg\" alt=\"NJDEP Notices\" \/><br \/>\n[\/vc_column_text][\/vc_column][\/vc_row][vc_row][vc_column][breadcrumb-shortcode][\/vc_column][\/vc_row][vc_row][vc_column][vc_column_text]<\/p>\n<h1 class=\"text-center pt-1 pb-2\"><strong>Public Notifications<\/strong><\/h1>\n<p><strong>For news media inquiries, call the DEP Press Office at 609-984-1795.<\/strong>[\/vc_column_text][\/vc_column][\/vc_row][vc_row][vc_column][vc_empty_space][\/vc_column][\/vc_row][vc_row][vc_column][vc_column_text css=&#8221;&#8221;]<\/p>\n<h2 class=\"text-primary\">2026 Public Notifications<\/h2>\n<p>[\/vc_column_text][vc_column_text css=&#8221;&#8221;]<h4>No News Found. <\/h4>[\/vc_column_text][\/vc_column][\/vc_row][vc_row][vc_column][vc_column_text css=&#8221;&#8221;]<\/p>\n<h2 class=\"text-primary\">2025 Public Notifications<\/h2>\n<p>[\/vc_column_text][vc_column_text css=&#8221;&#8221;]<table class=\"table table-striped\"><thead><tr><th class=\"w-10\">Date<\/th><th>Subject <span class=\"font-weight-normal\">(Linked to the Release)<\/span><\/th><\/tr><\/thead><tbody><tr><td class=\"news\">November 26, 2025<\/td><td><a href=\"https:\/\/deptest.nj.gov\/newsrel\/25_1126pn\/\" class=\"news-title\" rel=\"bookmark\">Department of Environmental Protection Schedules Dec. 4 Virtual Public Hearing on Statewide Water Supply Drought Warning Due to Persistent Dry Conditions and Declining Water Storage Supplies<\/a><\/td><\/tr><tr><td class=\"news\">January 21, 2025<\/td><td><a href=\"https:\/\/deptest.nj.gov\/newsrel\/24_0121pn\/\" class=\"news-title\" rel=\"bookmark\">DEP to Host Open House on Liberty State Park Revitalization Program on Saturday, January 25<\/a><\/td><\/tr><\/tbody><\/table><\/div>[\/vc_column_text][\/vc_column][\/vc_row][vc_row][vc_column][vc_column_text]<\/p>\n<h2 class=\"text-primary\">2024 Public Notifications<\/h2>\n<p>[\/vc_column_text][vc_column_text]<table class=\"table table-striped\"><thead><tr><th class=\"w-10\">Date<\/th><th>Subject <span class=\"font-weight-normal\">(Linked to the Release)<\/span><\/th><\/tr><\/thead><tbody><tr><td class=\"news\">December 4, 2024<\/td><td><a href=\"https:\/\/deptest.nj.gov\/newsrel\/24_1204pn\/\" class=\"news-title\" rel=\"bookmark\">NJDEP Seeks Nominations For Inaugural Natural Resource Restoration Advisory Council<\/a><\/td><\/tr><tr><td class=\"news\">November 7, 2024<\/td><td><a href=\"https:\/\/deptest.nj.gov\/newsrel\/24_1107pn\/\" class=\"news-title\" rel=\"bookmark\">DEP to Host Greenway Open House in Newark on Wednesday, November 13<\/a><\/td><\/tr><tr><td class=\"news\">November 7, 2024<\/td><td><a href=\"https:\/\/deptest.nj.gov\/newsrel\/unprecedented-dry-spell-and-declining-water-storage-supplies-prompt-virtual-public-hearing-on-statewide-water-supply-drought-warning\/\" class=\"news-title\" rel=\"bookmark\">Unprecedented Dry Spell and Declining Water Storage Supplies Prompt Virtual Public Hearing on Statewide Water Supply Drought Warning<\/a><\/td><\/tr><tr><td class=\"news\">October 24, 2024<\/td><td><a href=\"https:\/\/deptest.nj.gov\/newsrel\/murphy-administration-extends-deadline-for-nominee-recommendations-for-inaugural-state-parks-and-open-space-foundation-board-of-directors-nominations-due-nov-22\/\" class=\"news-title\" rel=\"bookmark\">Murphy Administration Extends Deadline for Nominee Recommendations for  Inaugural State Parks and Open Space Foundation Board of Directors; Nominations Due Nov. 22<\/a><\/td><\/tr><tr><td class=\"news\">October 21, 2024<\/td><td><a href=\"https:\/\/deptest.nj.gov\/newsrel\/24_01021pn\/\" class=\"news-title\" rel=\"bookmark\">DEP to Hold November 7 Public Information Session and Open House to Provide Update on Solvay Polymers Contamination Settlement<\/a><\/td><\/tr><tr><td class=\"news\">October 21, 2024<\/td><td><a href=\"https:\/\/deptest.nj.gov\/newsrel\/24_01021spn\/\" class=\"news-title\" rel=\"bookmark\">El 7 De Noviembre, El DEP Celebrar\u00e1 Una Sesi\u00f3n Informativa Y Una Reuni\u00f3n Abierta Al P\u00fablico Para Ofrecer Informaci\u00f3n Actualizada Sobre El Acuerdo Por Contaminaci\u00f3n De Solvay Polymers<\/a><\/td><\/tr><tr><td class=\"news\">September 24, 2024<\/td><td><a href=\"https:\/\/deptest.nj.gov\/newsrel\/24_0924pn\/\" class=\"news-title\" rel=\"bookmark\">DEP to Host Open House on Liberty State Park Revitalization Program on Saturday, Sept. 28<\/a><\/td><\/tr><tr><td class=\"news\">August 27, 2024<\/td><td><a href=\"https:\/\/deptest.nj.gov\/newsrel\/24_0827pn\/\" class=\"news-title\" rel=\"bookmark\">Murphy Administration Seeks Nominee Recommendations for Inaugural State Parks and Open Space Foundation Board of Directors<\/a><\/td><\/tr><tr><td class=\"news\">August 5, 2024<\/td><td><a href=\"https:\/\/deptest.nj.gov\/newsrel\/24_0805pn\/\" class=\"news-title\" rel=\"bookmark\">DEP to Publish NJ Real Rule Proposal in New Jersey Register, Commencing 90-day Public Comment Period<\/a><\/td><\/tr><tr><td class=\"news\">April 29, 2024<\/td><td><a href=\"https:\/\/deptest.nj.gov\/newsrel\/24_0429pn\/\" class=\"news-title\" rel=\"bookmark\">DEP to Host Open House Event on Liberty State Park Phase 2 Master Plan on Saturday, May 11<\/a><\/td><\/tr><tr><td class=\"news\">February 26, 2024<\/td><td><a href=\"https:\/\/deptest.nj.gov\/newsrel\/24_0226pn\/\" class=\"news-title\" rel=\"bookmark\">DEP Seeks Comment on Draft 2024 Statewide Water Supply Plan<\/a><\/td><\/tr><tr><td class=\"news\">February 12, 2024<\/td><td><a href=\"https:\/\/deptest.nj.gov\/newsrel\/24_0212pn\/\" class=\"news-title\" rel=\"bookmark\">DEP to Host Liberty State Park Design Task Force Meeting on March 2<\/a><\/td><\/tr><tr><td class=\"news\">February 5, 2024<\/td><td><a href=\"https:\/\/deptest.nj.gov\/newsrel\/24_0205pn\/\" class=\"news-title\" rel=\"bookmark\">DEP Releases New Jersey\u2019s 2022 Integrated Water Quality Assessment Report<\/a><\/td><\/tr><\/tbody><\/table><\/div>[\/vc_column_text][\/vc_column][\/vc_row][vc_row][vc_column][vc_column_text]<\/p>\n<h2 class=\"text-primary\">2023 Public Notifications<\/h2>\n<p>[\/vc_column_text][vc_column_text]<table class=\"table table-striped\"><thead><tr><th class=\"w-10\">Date<\/th><th>Subject <span class=\"font-weight-normal\">(Linked to the Release)<\/span><\/th><\/tr><\/thead><tbody><tr><td class=\"news\">September 18, 2023<\/td><td><a href=\"https:\/\/deptest.nj.gov\/newsrel\/23_0918pn\/\" class=\"news-title\" rel=\"bookmark\">DEP Urges Public to Provide Input on Statewide Comprehensive Outdoor Recreation Plan<\/a><\/td><\/tr><tr><td class=\"news\">August 16, 2023<\/td><td><a href=\"https:\/\/deptest.nj.gov\/newsrel\/23_0816pn\/\" class=\"news-title\" rel=\"bookmark\">NJDEP Finalizes Agreement with BASF to Perform Natural Resource Projects<\/a><\/td><\/tr><tr><td class=\"news\">May 22, 2023<\/td><td><a href=\"https:\/\/deptest.nj.gov\/newsrel\/23_0522pn\/\" class=\"news-title\" rel=\"bookmark\">DEP to Host May 24 Open House at Liberty State Park, Share Progress on Park Revitalization Program<\/a><\/td><\/tr><tr><td class=\"news\">February 15, 2023<\/td><td><a href=\"https:\/\/deptest.nj.gov\/newsrel\/23_0215pn\/\" class=\"news-title\" rel=\"bookmark\">DEP to Begin Series of Public Engagement Sessions on Next Phase of Climate Pollutant Reduction Initiatives<\/a><\/td><\/tr><tr><td class=\"news\">February 3, 2023<\/td><td><a href=\"https:\/\/deptest.nj.gov\/newsrel\/23_0206pn\/\" class=\"news-title\" rel=\"bookmark\">NJDEP to Host Public Engagement Session on Proposed Settlement of Natural Resource Damages related to Ciba-Geigy Site in Toms River<\/a><\/td><\/tr><\/tbody><\/table><\/div>[\/vc_column_text][\/vc_column][\/vc_row][vc_row][vc_column][vc_column_text]<\/p>\n<h2 class=\"text-primary\">2022 Public Notifications<\/h2>\n<p>[\/vc_column_text][vc_column_text]<table class=\"table table-striped\"><thead><tr><th class=\"w-10\">Date<\/th><th>Subject <span class=\"font-weight-normal\">(Linked to the Release)<\/span><\/th><\/tr><\/thead><tbody><tr><td class=\"news\">December 9, 2022<\/td><td><a href=\"https:\/\/deptest.nj.gov\/newsrel\/22_1209pn\/\" class=\"news-title\" rel=\"bookmark\">Electronic Submission Option Added and Comment Period Extended for Proposed Natural Resource Damages Settlement with BASF Corporation in the Matter of Ciba Geigy Toms River Superfund Site<\/a><\/td><\/tr><tr><td class=\"news\">October 13, 2022<\/td><td><a href=\"https:\/\/deptest.nj.gov\/newsrel\/22_1013pn\/\" class=\"news-title\" rel=\"bookmark\">Online Resources for Inland Flood Protection Rule Available; Virtual Engagement Sessions Announced for the Week of October 17<\/a><\/td><\/tr><tr><td class=\"news\">September 20, 2022<\/td><td><a href=\"https:\/\/deptest.nj.gov\/newsrel\/22_0920pn\/\" class=\"news-title\" rel=\"bookmark\">NJDEP Issues Request for Quotes from Firms to Facilitate Master Planning for Liberty State Park and the Greenway in Essex and Hudson Counties<\/a><\/td><\/tr><tr><td class=\"news\">August 18, 2022<\/td><td><a href=\"https:\/\/deptest.nj.gov\/newsrel\/22_0818pn\/\" class=\"news-title\" rel=\"bookmark\">NJDEP Seeks Applications For $10 Million In Stormwater Competitive Grants And Resilience\/Stormwater Utility Feasibility Technical Assistance Grants<\/a><\/td><\/tr><tr><td class=\"news\">August 9, 2022<\/td><td><a href=\"https:\/\/deptest.nj.gov\/newsrel\/22_0809pn\/\" class=\"news-title\" rel=\"bookmark\">New Jersey Enters Drought Watch<\/a><\/td><\/tr><tr><td class=\"news\">July 29, 2022<\/td><td><a href=\"https:\/\/deptest.nj.gov\/newsrel\/22_0729pn\/\" class=\"news-title\" rel=\"bookmark\">NJDEP Seeks Applications For $10 Million In Stormwater Competitive Grants And Resilience\/Stormwater Utility Feasibility Technical Assistance Grants<\/a><\/td><\/tr><\/tbody><\/table><\/div>[\/vc_column_text][\/vc_column][\/vc_row]<\/p>\n","protected":false},"excerpt":{"rendered":"<p>[vc_row full_width=&#8221;stretch_row_content_no_spaces&#8221;][vc_column][vc_column_text] [\/vc_column_text][\/vc_column][\/vc_row][vc_row][vc_column][breadcrumb-shortcode][\/vc_column][\/vc_row][vc_row][vc_column][vc_column_text] Public Notifications For news media inquiries, call the DEP Press Office at 609-984-1795.[\/vc_column_text][\/vc_column][\/vc_row][vc_row][vc_column][vc_empty_space][\/vc_column][\/vc_row][vc_row][vc_column][vc_column_text css=&#8221;&#8221;] 2026 Public Notifications [\/vc_column_text][vc_column_text css=&#8221;&#8221;][\/vc_column_text][\/vc_column][\/vc_row][vc_row][vc_column][vc_column_text css=&#8221;&#8221;] 2025 Public Notifications [\/vc_column_text][vc_column_text css=&#8221;&#8221;][\/vc_column_text][\/vc_column][\/vc_row][vc_row][vc_column][vc_column_text] 2024 Public Notifications [\/vc_column_text][vc_column_text][\/vc_column_text][\/vc_column][\/vc_row][vc_row][vc_column][vc_column_text] 2023 Public Notifications [\/vc_column_text][vc_column_text][\/vc_column_text][\/vc_column][\/vc_row][vc_row][vc_column][vc_column_text] 2022 Public Notifications [\/vc_column_text][vc_column_text][\/vc_column_text][\/vc_column][\/vc_row]<\/p>\n","protected":false},"author":112,"featured_media":0,"parent":0,"menu_order":0,"comment_status":"closed","ping_status":"closed","template":"fullwidth.php","meta":{"footnotes":""},"class_list":["post-5796","page","type-page","status-publish","hentry"],"_links":{"self":[{"href":"https:\/\/deptest.nj.gov\/newsrel\/wp-json\/wp\/v2\/pages\/5796","targetHints":{"allow":["GET"]}}],"collection":[{"href":"https:\/\/deptest.nj.gov\/newsrel\/wp-json\/wp\/v2\/pages"}],"about":[{"href":"https:\/\/deptest.nj.gov\/newsrel\/wp-json\/wp\/v2\/types\/page"}],"author":[{"embeddable":true,"href":"https:\/\/deptest.nj.gov\/newsrel\/wp-json\/wp\/v2\/users\/112"}],"replies":[{"embeddable":true,"href":"https:\/\/deptest.nj.gov\/newsrel\/wp-json\/wp\/v2\/comments?post=5796"}],"version-history":[{"count":3,"href":"https:\/\/deptest.nj.gov\/newsrel\/wp-json\/wp\/v2\/pages\/5796\/revisions"}],"predecessor-version":[{"id":12277,"href":"https:\/\/deptest.nj.gov\/newsrel\/wp-json\/wp\/v2\/pages\/5796\/revisions\/12277"}],"wp:attachment":[{"href":"https:\/\/deptest.nj.gov\/newsrel\/wp-json\/wp\/v2\/media?parent=5796"}],"curies":[{"name":"wp","href":"https:\/\/api.w.org\/{rel}","templated":true}]}}