{"id":3077,"date":"2024-12-17T18:17:09","date_gmt":"2024-12-17T23:17:09","guid":{"rendered":"https:\/\/deptest.nj.gov\/dsr\/?page_id=3077"},"modified":"2024-12-17T18:17:09","modified_gmt":"2024-12-17T23:17:09","slug":"haslea-ostrearia","status":"publish","type":"page","link":"https:\/\/deptest.nj.gov\/dsr\/nj-smp-hab-reservoirs\/haslea-ostrearia\/","title":{"rendered":"Haslea ostrearia"},"content":{"rendered":"<p>[vc_row][vc_column][vc_empty_space][breadcrumb-shortcode][vc_column_text css=&#8221;.vc_custom_1728779585339{border-bottom-width: 4px !important;border-bottom-style: solid !important;border-color: #5b9bd5 !important;}&#8221;]<\/p>\n<h1 class=\"mb-2\" style=\"text-align: center\">Detected Species<\/h1>\n<p>[\/vc_column_text][vc_empty_space][\/vc_column][\/vc_row][vc_row][vc_column width=&#8221;1\/4&#8243; el_class=&#8221;sticky-top&#8221;][vc_column_text css=&#8221;&#8221;]<\/p>\n<ul class=\"list-group\">\n<li class=\"list-group-item\">\n<h3>HAB Species<\/h3>\n<ul class=\"list-group\">\n<li class=\"list-group-item\"><strong>Diatoms<\/strong>\n<ul class=\"list-group\">\n<li class=\"list-group-item\"><a href=\"https:\/\/deptest.nj.gov\/dsr\/nj-smp-hab-reservoirs\/cylindrotheca-closterium\/\" target=\"_blank\" rel=\"noopener\"><i>Cylindrotheca closterium<\/i><\/a><\/li>\n<li class=\"list-group-item\"><a href=\"https:\/\/deptest.nj.gov\/dsr\/nj-smp-hab-reservoirs\/pseudo-nitzschia\/\" target=\"_blank\" rel=\"noopener\"><i>Pseudo-nitzschia<\/i><\/a><\/li>\n<\/ul>\n<\/li>\n<li class=\"list-group-item\"><b>Dinoflagellates<\/b>\n<ul class=\"list-group\">\n<li class=\"list-group-item\"><a href=\"https:\/\/deptest.nj.gov\/dsr\/nj-smp-hab-reservoirs\/prorocentrum-lima\/\" target=\"_blank\" rel=\"noopener\"><i>Prorocentrum lima<\/i><\/a><\/li>\n<li class=\"list-group-item\"><a href=\"https:\/\/deptest.nj.gov\/dsr\/nj-smp-hab-reservoirs\/amphidinium-carterae\/\" target=\"_blank\" rel=\"noopener\"><i>Amphidinium carterae<\/i><\/a><\/li>\n<li class=\"list-group-item\"><a href=\"https:\/\/deptest.nj.gov\/dsr\/nj-smp-hab-reservoirs\/gymnodinium-aureolum\/\" target=\"_blank\" rel=\"noopener\"><i>Gymnodinium aureolum (Karlodinium sp)<\/i><\/a><\/li>\n<li class=\"list-group-item\"><a href=\"https:\/\/deptest.nj.gov\/dsr\/nj-smp-hab-reservoirs\/levanderina-fissa\/\" target=\"_blank\" rel=\"noopener\"><i>Levanderina fissa (syn. Gymnodinium uncatenum)<\/i><\/a><\/li>\n<li class=\"list-group-item\"><a href=\"https:\/\/deptest.nj.gov\/dsr\/nj-smp-hab-reservoirs\/kryptoperidinium-foliaceum\/\" target=\"_blank\" rel=\"noopener\"><em>Kryptoperidinium foliaceum<\/em><\/a><\/li>\n<\/ul>\n<\/li>\n<li class=\"list-group-item\"><b>Cyanobacteria<\/b>\n<ul class=\"list-group\">\n<li class=\"list-group-item\"><a href=\"https:\/\/deptest.nj.gov\/dsr\/nj-smp-hab-reservoirs\/planktothrix-agardhii\/\" target=\"_blank\" rel=\"noopener\"><i>Planktothrix agardhii<\/i><\/a><\/li>\n<li class=\"list-group-item\"><a href=\"https:\/\/deptest.nj.gov\/dsr\/nj-smp-hab-reservoirs\/lyngbya-aestuarii\/\" target=\"_blank\" rel=\"noopener\"><i>Lyngbya aestuarii<\/i><\/a><\/li>\n<li class=\"list-group-item\"><em><a href=\"https:\/\/deptest.nj.gov\/dsr\/nj-smp-hab-reservoirs\/geitlerinema-splendidum\/\" target=\"_blank\" rel=\"noopener\">Geitlerinema splendidum<\/a><\/em><\/li>\n<\/ul>\n<\/li>\n<li class=\"list-group-item\"><b>Raphidophytes<\/b>\n<ul class=\"list-group\">\n<li class=\"list-group-item\"><a href=\"https:\/\/deptest.nj.gov\/dsr\/nj-smp-hab-reservoirs\/chattonella-subsalsa\/\" target=\"_blank\" rel=\"noopener\"><i>Chattonella subsalsa<\/i><\/a><\/li>\n<\/ul>\n<\/li>\n<li class=\"list-group-item\"><b>Haptophytes<\/b>\n<ul class=\"list-group\">\n<li class=\"list-group-item\"><a href=\"https:\/\/deptest.nj.gov\/dsr\/nj-smp-hab-reservoirs\/prymnesium-parvum\/\" target=\"_blank\" rel=\"noopener\"><i>Prymnesium parvum<\/i><\/a><\/li>\n<\/ul>\n<\/li>\n<\/ul>\n<\/li>\n<li class=\"list-group-item\">\n<h3>Non-toxic Species<\/h3>\n<ul class=\"list-group\">\n<li class=\"list-group-item\"><strong>Diatoms<\/strong>\n<ul class=\"list-group\">\n<li class=\"list-group-item\"><a href=\"https:\/\/deptest.nj.gov\/dsr\/nj-smp-hab-reservoirs\/haslea-ostrearia\/\" target=\"_blank\" rel=\"noopener\"><i>Haslea ostrearia<\/i><\/a><\/li>\n<\/ul>\n<\/li>\n<li class=\"list-group-item\"><strong>Dinoflagellates<\/strong>\n<ul class=\"list-group\">\n<li class=\"list-group-item\"><a href=\"https:\/\/deptest.nj.gov\/dsr\/nj-smp-hab-reservoirs\/heterocapsa-niei\/\" target=\"_blank\" rel=\"noopener\"><i>Heterocapsa niei<\/i><\/a><\/li>\n<\/ul>\n<\/li>\n<\/ul>\n<\/li>\n<\/ul>\n<p>[\/vc_column_text][vc_column_text css=&#8221;.vc_custom_1667240918115{border-bottom-width: 4px !important;border-bottom-color: #5b9bd5 !important;border-bottom-style: solid !important;}&#8221;]<\/p>\n<h3 class=\"mb-2\"><em>Contact Us:<\/em><\/h3>\n<p>[\/vc_column_text][vc_column_text css=&#8221;&#8221;]<b>Mihaela D. Enache<\/b><span style=\"font-weight: 400\">, Ph.D., Project Manager &amp; Co-PI, Research Scientist I, Division of Science and Research, NJDEP <\/span><span style=\"font-weight: 400\">(<a href=\"mailto:mihaela.enache@deptest.nj.gov\">mihaela.enache@deptest.nj.gov<\/a>)<\/span><\/p>\n<p><b>Ling Ren<\/b><span style=\"font-weight: 400\">, Ph.D., PI, Research Assistant Professor, College of Science, George Mason University <\/span><span style=\"font-weight: 400\">(<\/span><a href=\"mailto:lren2@gmu.edu\"><span style=\"font-weight: 400\">lren2@gmu.edu<\/span><\/a><span style=\"font-weight: 400\">)<\/span>[\/vc_column_text][\/vc_column][vc_column width=&#8221;3\/4&#8243;][vc_column_text css=&#8221;.vc_custom_1732301628508{border-bottom-width: 4px !important;border-bottom-style: solid !important;border-color: #5b9bd5 !important;}&#8221;]<\/p>\n<h4><i>Haslea ostrearia<\/i><\/h4>\n<p>[\/vc_column_text][vc_row_inner][vc_column_inner width=&#8221;2\/3&#8243;][vc_gallery type=&#8221;image_grid&#8221; images=&#8221;3144&#8243; css=&#8221;&#8221;][vc_video link=&#8221;https:\/\/youtu.be\/2DuDPhLZ5rA&#8221; css=&#8221;&#8221;][\/vc_column_inner][vc_column_inner width=&#8221;1\/3&#8243;][vc_column_text css=&#8221;&#8221;]<strong>Morphology<\/strong><\/p>\n<p><span style=\"font-weight: 400\">Cells are lanceolate in valvar view, with acute endings. Cell length about 45-50 \u03bcm and width about 5-7 \u03bcm in the central area. The characteristic <\/span><span style=\"font-weight: 400\">water-soluble b<\/span><span style=\"font-weight: 400\">lue pigments, \u2018<\/span><span style=\"font-weight: 400\">marenine\u2019, are <\/span><span style=\"font-weight: 400\">visible at apices.\u00a0 <\/span><\/p>\n<hr \/>\n<p><strong>Toxins and toxicity<\/strong><\/p>\n<p><span style=\"font-weight: 400\">Not toxic.<\/span><\/p>\n<hr \/>\n<p><strong>Ecology<\/strong><\/p>\n<p><span style=\"font-weight: 400\">The blue pigment<\/span><span style=\"font-weight: 400\"> can cause the greening of oyster gills, \u2018\u2019Green Oyster\u2019, in farming ponds. We found this species but sometimes with very weak or without blue pigments.<\/span><\/p>\n<hr \/>\n<p><strong>Distribution and Occurrence<\/strong><\/p>\n<p><span style=\"font-weight: 400\">A marine <\/span><span style=\"font-weight: 400\">benthic\/tychopelagic species (or b<\/span><span style=\"font-weight: 400\">enthic-periphytic phytoplankton). Common, recorded from the Northern Atlantic coasts (both European and North American), Indian Ocean coast of South Africa, Australia. In this study, it was highly abundant in REF-1 in spring (March-April). <\/span><\/p>\n<hr \/>\n<p><strong>References<br \/>\n<\/strong><\/p>\n<p><span style=\"font-weight: 400\">Biolo\u0161ki Odsjek,\u00a0 Prirodoslovno-matemati\u010dki fakultet, Sveu\u010dili\u0161te u Zagrebu, M. Mejdand\u017ei\u0107, S. Bosak, and Z. Ljube\u0161i\u0107. 2017. Blue Diatoms: Global Phenomenon of \u02ddGreening\u02dd in Shellfish and Record of Planktonic Haslea Species in the South Adriatic Sea. Na\u0161e more 64: 38\u201344. doi:<a href=\"http:\/\/doi.org\/10.17818\/nm\/2017\/1.7\" target=\"_blank\" rel=\"noopener\">10.17818\/nm\/2017\/1.7<\/a><\/span><\/p>\n<p><span style=\"font-weight: 400\">D\u0105bek, P., R. Gastineau, T. G. Bornman, C. Lemieux, M. Turmel, G. Hallegraeff, J.-L. Mouget, and A. Witkowski. 2022. The blue diatom Haslea ostrearia from the Indian Ocean coast of South Africa, with comparative analysis of Haslea organellar genomes. Front. Mar. Sci. 9. doi:<a href=\"http:\/\/doi.org\/10.3389\/fmars.2022.950716\" target=\"_blank\" rel=\"noopener\">10.3389\/fmars.2022.950716<\/a><\/span><\/p>\n<hr \/>\n<p>[\/vc_column_text][\/vc_column_inner][\/vc_row_inner][\/vc_column][\/vc_row]<\/p>\n","protected":false},"excerpt":{"rendered":"<p>[vc_row][vc_column][vc_empty_space][breadcrumb-shortcode][vc_column_text css=&#8221;.vc_custom_1728779585339{border-bottom-width: 4px !important;border-bottom-style: solid !important;border-color: #5b9bd5 !important;}&#8221;] Detected Species [\/vc_column_text][vc_empty_space][\/vc_column][\/vc_row][vc_row][vc_column width=&#8221;1\/4&#8243; el_class=&#8221;sticky-top&#8221;][vc_column_text css=&#8221;&#8221;] HAB Species Diatoms Cylindrotheca closterium Pseudo-nitzschia Dinoflagellates Prorocentrum lima Amphidinium carterae Gymnodinium aureolum (Karlodinium sp) Levanderina fissa (syn. Gymnodinium uncatenum) Kryptoperidinium foliaceum Cyanobacteria Planktothrix agardhii Lyngbya aestuarii Geitlerinema splendidum Raphidophytes Chattonella subsalsa Haptophytes Prymnesium parvum Non-toxic Species Diatoms Haslea ostrearia Dinoflagellates [&hellip;]<\/p>\n","protected":false},"author":147,"featured_media":0,"parent":2683,"menu_order":0,"comment_status":"closed","ping_status":"closed","template":"fullwidth.php","meta":{"footnotes":""},"class_list":["post-3077","page","type-page","status-publish","hentry"],"_links":{"self":[{"href":"https:\/\/deptest.nj.gov\/dsr\/wp-json\/wp\/v2\/pages\/3077","targetHints":{"allow":["GET"]}}],"collection":[{"href":"https:\/\/deptest.nj.gov\/dsr\/wp-json\/wp\/v2\/pages"}],"about":[{"href":"https:\/\/deptest.nj.gov\/dsr\/wp-json\/wp\/v2\/types\/page"}],"author":[{"embeddable":true,"href":"https:\/\/deptest.nj.gov\/dsr\/wp-json\/wp\/v2\/users\/147"}],"replies":[{"embeddable":true,"href":"https:\/\/deptest.nj.gov\/dsr\/wp-json\/wp\/v2\/comments?post=3077"}],"version-history":[{"count":0,"href":"https:\/\/deptest.nj.gov\/dsr\/wp-json\/wp\/v2\/pages\/3077\/revisions"}],"up":[{"embeddable":true,"href":"https:\/\/deptest.nj.gov\/dsr\/wp-json\/wp\/v2\/pages\/2683"}],"wp:attachment":[{"href":"https:\/\/deptest.nj.gov\/dsr\/wp-json\/wp\/v2\/media?parent=3077"}],"curies":[{"name":"wp","href":"https:\/\/api.w.org\/{rel}","templated":true}]}}