{"id":1112,"date":"2024-11-13T10:40:38","date_gmt":"2024-11-13T15:40:38","guid":{"rendered":"https:\/\/deptest.nj.gov\/conserve-water\/?page_id=1112"},"modified":"2026-03-27T11:38:56","modified_gmt":"2026-03-27T15:38:56","slug":"toolkit","status":"publish","type":"page","link":"https:\/\/deptest.nj.gov\/conserve-water\/toolkit\/","title":{"rendered":"Outreach Toolkit"},"content":{"rendered":"<p>[vc_row][vc_column][vc_empty_space][breadcrumb-shortcode][\/vc_column][\/vc_row][vc_row full_width=&#8221;stretch_row&#8221; content_placement=&#8221;top&#8221; css=&#8221;.vc_custom_1741873760956{background-color: #C1EDFB !important;}&#8221; el_class=&#8221;mt-lg-4 mx-lg-5&#8243;][vc_column width=&#8221;1\/3&#8243;][vc_column_text css=&#8221;.vc_custom_1748972632917{margin-right: 50px !important;}&#8221;]<\/p>\n<h2>Help Communicate That <strong>Every Drop Counts.<\/strong><\/h2>\n<hr \/>\n<h4><span class=\"ui-provider bqe bqf bba bqg bqh bqi bqj bqk bql bqm bqn bqo bqp bqq bqr bqs bqt bqu bqv bqw bqx bqy bqz bra brb brc brd bre brf brg brh bri brj brk brl\" dir=\"ltr\">Help spread public awareness of water conservation and how we can all do our part to conserve water.<\/span><\/h4>\n<p>[\/vc_column_text][vc_single_image image=&#8221;1207&#8243; img_size=&#8221;medium&#8221; css=&#8221;&#8221;][vc_empty_space height=&#8221;60px&#8221;][\/vc_column][vc_column width=&#8221;2\/3&#8243;][vc_empty_space height=&#8221;60px&#8221;][vc_column_text css=&#8221;&#8221; el_class=&#8221;mb-0 pb-0&#8243;]<\/p>\n<h1>Water Conservation Outreach Toolkit<\/h1>\n<p>[\/vc_column_text][vc_empty_space height=&#8221;60px&#8221;][vc_tta_accordion section_title_tag=&#8221;h3&#8243; color=&#8221;white&#8221; c_icon=&#8221;chevron&#8221; c_position=&#8221;right&#8221; active_section=&#8221;-1&#8243; collapsible_all=&#8221;true&#8221;][vc_tta_section i_icon_fontawesome=&#8221;far fa-thumbs-up&#8221; add_icon=&#8221;true&#8221; title=&#8221;Social Posts&#8221; tab_id=&#8221;social-posts&#8221;][vc_row_inner equal_height=&#8221;yes&#8221;][vc_column_inner width=&#8221;1\/2&#8243;][vc_column_text css=&#8221;&#8221; el_id=&#8221;socialpost1&#8243;]<a name=\"socialpost1\"><\/a><\/p>\n<p><a href=\"https:\/\/deptest.nj.gov\/conserve-water\/wp-content\/uploads\/sites\/187\/nj-drought-warning-2026.jpg\" download=\"drought-warning-2026.jpg\"><img decoding=\"async\" class=\"w-50 aligncenter\" src=\"https:\/\/deptest.nj.gov\/conserve-water\/wp-content\/uploads\/sites\/187\/nj-drought-warning-2026.jpg\" alt=\"NJ Drought Warning 2026\" \/><\/a>[\/vc_column_text][vc_column_text css=&#8221;&#8221; el_class=&#8221;mb-0&#8243;]<\/p>\n<p style=\"text-align: center;\"><a class=\"btn btn-primary\" role=\"button\" href=\"https:\/\/deptest.nj.gov\/conserve-water\/wp-content\/uploads\/sites\/187\/nj-drought-warning-2026.jpg\" download=\"drought-warning-2026.jpg\">Download<\/a><\/p>\n<p>[\/vc_column_text][vc_column_text css=&#8221;.vc_custom_1768405820816{padding-top: 50px !important;padding-right: 50px !important;padding-bottom: 50px !important;padding-left: 50px !important;}&#8221;]<strong>Suggested social post text:<\/strong><\/p>\n<p>Did you know New Jersey is in Drought Warning. Help prevent a Drought Emergency.<\/p>\n<p>\ud83d\udd17 Learn how you can help: dep.nj.gov\/conserve-water[\/vc_column_text][\/vc_column_inner][vc_column_inner width=&#8221;1\/2&#8243;][vc_column_text css=&#8221;&#8221; el_id=&#8221;socialpost2&#8243;]<a name=\"socialpost2\"><\/a><\/p>\n<p><a href=\"https:\/\/deptest.nj.gov\/conserve-water\/wp-content\/uploads\/sites\/187\/nj-drought-small-garden-impacts-2026.jpg\" download=\"drought-small-garden-impacts-2026.jpg\"><img decoding=\"async\" class=\"w-50 aligncenter\" src=\"https:\/\/deptest.nj.gov\/conserve-water\/wp-content\/uploads\/sites\/187\/nj-drought-small-garden-impacts-2026.jpg\" alt=\"NJ Drought Small Garden Impacts 2026\" \/><\/a>[\/vc_column_text][vc_column_text css=&#8221;&#8221; el_class=&#8221;mb-0&#8243;]<\/p>\n<p style=\"text-align: center;\"><a class=\"btn btn-primary\" role=\"button\" href=\"https:\/\/deptest.nj.gov\/conserve-water\/wp-content\/uploads\/sites\/187\/nj-drought-small-garden-impacts-2026.jpg\" download=\"drought-small-garden-impacts-2026.jpg\">Download<\/a><\/p>\n<p>[\/vc_column_text][vc_column_text css=&#8221;.vc_custom_1774619196863{padding-top: 50px !important;padding-right: 50px !important;padding-bottom: 50px !important;padding-left: 50px !important;}&#8221;]<strong>Suggested social post text:<\/strong><\/p>\n<p>Did you know New Jersey is in Drought Warning.<br \/>\nTake these small steps to make a big impact!<\/p>\n<p>\ud83d\udca7Limit lawn watering<br \/>\n\ud83d\udca7Plant natives<br \/>\n\ud83d\udca7Postpone seeding<br \/>\n\ud83d\udca7Mulch to prevent evaporation<br \/>\n\ud83d\udca7Hand water w\/ nozzle<br \/>\n\ud83d\udca7Use a rain barrel<br \/>\n[\/vc_column_text][\/vc_column_inner][\/vc_row_inner][vc_row_inner equal_height=&#8221;yes&#8221;][vc_column_inner width=&#8221;1\/2&#8243;][vc_column_text css=&#8221;&#8221; el_id=&#8221;socialpost3&#8243;]<a name=\"socialpost3\"><\/a><\/p>\n<p><a href=\"https:\/\/deptest.nj.gov\/conserve-water\/wp-content\/uploads\/sites\/187\/nj-drought-small-outdoor-water-impacts-2026.jpg\" download=\"drought-small-outdoor-water-impacts-2026\"><img decoding=\"async\" class=\"w-50 aligncenter\" src=\"https:\/\/deptest.nj.gov\/conserve-water\/wp-content\/uploads\/sites\/187\/nj-drought-small-outdoor-water-impacts-2026.jpg\" alt=\"Small Outdoor Water Impacts\" \/><\/a>[\/vc_column_text][vc_column_text css=&#8221;&#8221; el_class=&#8221;mb-0&#8243;]<\/p>\n<p style=\"text-align: center;\"><a class=\"btn btn-primary\" role=\"button\" href=\"https:\/\/deptest.nj.gov\/conserve-water\/wp-content\/uploads\/sites\/187\/nj-drought-small-outdoor-water-impacts-2026.jpg\" download=\"nj-drought-small-outdoor-water-impacts-2026.jpg\">Download<\/a><\/p>\n<p>[\/vc_column_text][vc_column_text css=&#8221;.vc_custom_1774619152689{padding-top: 50px !important;padding-right: 50px !important;padding-bottom: 50px !important;padding-left: 50px !important;}&#8221;]<strong>Suggested social post text:<\/strong><\/p>\n<p>Did you know New Jersey is in a Drought Warning?<br \/>\n\ud83d\udca7Take these small steps to make a big impact!<br \/>\n\ud83d\udca7Don\u2019t wash your car at home, use a commercial car wash that recycles water<br \/>\n\ud83d\udca7Limit water play in sprinklers<br \/>\n\ud83d\udca7Use a broom instead of a hose to cleanup sidewalks\/decks<br \/>\n\ud83d\udca7Check\/repair water leaks around your home and yard<\/p>\n<p>[\/vc_column_text][\/vc_column_inner][vc_column_inner width=&#8221;1\/2&#8243;][vc_column_text css=&#8221;&#8221; el_id=&#8221;socialpost4&#8243;]<a name=\"socialpost4\"><\/a><\/p>\n<p><a href=\"https:\/\/deptest.nj.gov\/conserve-water\/wp-content\/uploads\/sites\/187\/nj-drought-small-indoor-water-changes.jpg\" download=\"drought-small-indoor-water-impacts-2026\"><img decoding=\"async\" class=\"w-50 aligncenter\" src=\"https:\/\/deptest.nj.gov\/conserve-water\/wp-content\/uploads\/sites\/187\/nj-drought-small-indoor-water-changes.jpg\" alt=\"Small Indoor Water Impacts\" \/><\/a>[\/vc_column_text][vc_column_text css=&#8221;&#8221; el_class=&#8221;mb-0&#8243;]<\/p>\n<p style=\"text-align: center;\"><a class=\"btn btn-primary\" role=\"button\" href=\"https:\/\/deptest.nj.gov\/conserve-water\/wp-content\/uploads\/sites\/187\/nj-drought-small-indoor-water-changes.jpg\" download=\"nj-drought-small-indoor-water-impacts-2026.jpg\">Download<\/a><\/p>\n<p>[\/vc_column_text][vc_column_text css=&#8221;.vc_custom_1774619424630{padding-top: 50px !important;padding-right: 50px !important;padding-bottom: 50px !important;padding-left: 50px !important;}&#8221;]<strong>Suggested social post text:<\/strong><\/p>\n<p>Did you know New Jersey is in a Drought Warning?<br \/>\n\ud83d\udca7Install low-flow showerheads<br \/>\n\ud83d\udca7Choose water efficient appliances<br \/>\n\ud83d\udca7Only run dishwashers when full<br \/>\n\ud83d\udca7Install low-flow toilets<br \/>\n\ud83d\udca7Turn off faucet when brushing teeth<br \/>\n\ud83d\udca7Take shorter showers<br \/>\n[\/vc_column_text][\/vc_column_inner][\/vc_row_inner][vc_row_inner equal_height=&#8221;yes&#8221;][vc_column_inner width=&#8221;1\/2&#8243;][vc_column_text css=&#8221;&#8221;]<a name=\"socialpost5\"><\/a><\/p>\n<p><a href=\"https:\/\/deptest.nj.gov\/conserve-water\/wp-content\/uploads\/sites\/187\/leaky_faucet_2022-scaled.jpg\" download=\"leaky-faucet.jpg\"><img decoding=\"async\" class=\"w-50 aligncenter\" src=\"https:\/\/deptest.nj.gov\/conserve-water\/wp-content\/uploads\/sites\/187\/leaky_faucet_2022-scaled.jpg\" alt=\"A Leaky Faucet Wastes up to 2 Gallons Every Day. That's Money Down the Drain. Fix Leaks, Save Money\" \/><\/a>[\/vc_column_text][vc_column_text css=&#8221;&#8221; el_class=&#8221;mb-0&#8243;]<\/p>\n<p style=\"text-align: center;\"><a class=\"btn btn-primary\" role=\"button\" href=\"https:\/\/deptest.nj.gov\/conserve-water\/wp-content\/uploads\/sites\/187\/leaky_faucet_2022-scaled.jpg\" download=\"leaky-faucet.jpg\">Download<\/a><\/p>\n<p>[\/vc_column_text][vc_column_text css=&#8221;.vc_custom_1741707013453{padding-top: 50px !important;padding-right: 50px !important;padding-bottom: 50px !important;padding-left: 50px !important;}&#8221;]<strong>Suggested social post text:<\/strong><strong><br \/>\n<\/strong><\/p>\n<p>Water is a precious resource and a leaky faucet can waste as much as 2 gallons of water a day.<br \/>\n\u2714\ufe0fFix that faucet!<br \/>\n\ud83d\udca7Conserve our water<br \/>\n\ud83d\udcb5Save some money<br \/>\nCheck out <a href=\"https:\/\/deptest.nj.gov\/conserve-water\/\">https:\/\/deptest.nj.gov\/conserve-water\/<\/a> for more water conservation tips.<br \/>\n#NewJersey #WaterConservation #Faucet[\/vc_column_text][\/vc_column_inner][vc_column_inner width=&#8221;1\/2&#8243;][\/vc_column_inner][\/vc_row_inner][\/vc_tta_section][vc_tta_section i_icon_fontawesome=&#8221;fas fa-file-pdf&#8221; add_icon=&#8221;true&#8221; title=&#8221;Printable Flyers&#8221; tab_id=&#8221;printable-flyers&#8221;][vc_row_inner][vc_column_inner width=&#8221;1\/2&#8243; css=&#8221;.vc_custom_1741713026682{margin-right: 50px !important;margin-left: 50px !important;}&#8221;][vc_single_image image=&#8221;1407&#8243; img_size=&#8221;medium&#8221; alignment=&#8221;center&#8221; style=&#8221;vc_box_border&#8221; onclick=&#8221;custom_link&#8221; img_link_target=&#8221;_blank&#8221; css=&#8221;.vc_custom_1774619855176{border-color: #B3B3B3 !important;}&#8221; link=&#8221;https:\/\/deptest.nj.gov\/conserve-water\/wp-content\/uploads\/sites\/187\/printable-flyers\/nj-drought-warning-printable-tips-2026.pdf&#8221;][vc_column_text css=&#8221;&#8221;]<\/p>\n<p style=\"text-align: center;\"><a class=\"btn btn-primary\" role=\"button\" href=\"https:\/\/deptest.nj.gov\/conserve-water\/wp-content\/uploads\/sites\/187\/printable-flyers\/nj-drought-warning-printable-tips-2026.pdf\" download=\"nj-drought-warning-spring-tips-2026.pdf\">Download Spring Tips Flyer<\/a><\/p>\n<p>[\/vc_column_text][\/vc_column_inner][\/vc_row_inner][vc_row_inner][vc_column_inner width=&#8221;1\/2&#8243; css=&#8221;.vc_custom_1741713026682{margin-right: 50px !important;margin-left: 50px !important;}&#8221;][vc_single_image image=&#8221;1328&#8243; img_size=&#8221;medium&#8221; alignment=&#8221;center&#8221; style=&#8221;vc_box_border&#8221; onclick=&#8221;custom_link&#8221; img_link_target=&#8221;_blank&#8221; css=&#8221;.vc_custom_1774625931442{border-color: #B3B3B3 !important;}&#8221; link=&#8221;https:\/\/deptest.nj.gov\/conserve-water\/wp-content\/uploads\/sites\/187\/water-conservation-spring-2025-flyer2.pdf&#8221;][vc_column_text css=&#8221;&#8221;]<\/p>\n<p style=\"text-align: center;\"><a class=\"btn btn-primary\" role=\"button\" href=\"https:\/\/deptest.nj.gov\/conserve-water\/wp-content\/uploads\/sites\/187\/water-conservation-spring-2025-flyer2.pdf\" download=\"nj-drought-warning-spring-2025.pdf\">Download Spring Flyer<\/a><\/p>\n<p>[\/vc_column_text][\/vc_column_inner][\/vc_row_inner][\/vc_tta_section][vc_tta_section i_icon_fontawesome=&#8221;fas fa-tint&#8221; add_icon=&#8221;true&#8221; title=&#8221;Logo for Every Drop Counts&#8221; tab_id=&#8221;logos&#8221;][vc_row_inner][vc_column_inner width=&#8221;1\/2&#8243;][vc_single_image image=&#8221;1207&#8243; img_size=&#8221;medium&#8221; alignment=&#8221;center&#8221; onclick=&#8221;custom_link&#8221; img_link_target=&#8221;_blank&#8221; css=&#8221;&#8221; link=&#8221;https:\/\/deptest.nj.gov\/conserve-water\/wp-content\/uploads\/sites\/187\/dep-drought-flyer-1.pdf&#8221;][vc_column_text css=&#8221;&#8221;]<\/p>\n<p style=\"text-align: center;\"><a class=\"btn btn-primary\" role=\"button\" href=\"https:\/\/deptest.nj.gov\/conserve-water\/wp-content\/uploads\/sites\/187\/every_drop_counts.png\" download=\"every_drop_counts.png\">Download Transparent PNG<\/a><\/p>\n<p>[\/vc_column_text][\/vc_column_inner][vc_column_inner width=&#8221;1\/2&#8243;][vc_single_image image=&#8221;1208&#8243; img_size=&#8221;medium&#8221; alignment=&#8221;center&#8221; style=&#8221;vc_box_border&#8221; onclick=&#8221;custom_link&#8221; img_link_target=&#8221;_blank&#8221; css=&#8221;&#8221; link=&#8221;https:\/\/deptest.nj.gov\/conserve-water\/wp-content\/uploads\/sites\/187\/dep-drought-flyer-1.pdf&#8221;][vc_column_text css=&#8221;&#8221;]<\/p>\n<p style=\"text-align: center;\"><a class=\"btn btn-primary\" role=\"button\" href=\"https:\/\/deptest.nj.gov\/conserve-water\/wp-content\/uploads\/sites\/187\/every_drop_count.jpg\" download=\"every_drop_count.jpg\">Download JPG<\/a><\/p>\n<p>[\/vc_column_text][\/vc_column_inner][\/vc_row_inner][\/vc_tta_section][\/vc_tta_accordion][\/vc_column][\/vc_row][vc_row][vc_column][vc_empty_space height=&#8221;80px&#8221;][\/vc_column][\/vc_row][vc_row][vc_column][vc_column_text css=&#8221;&#8221;]<\/p>\n<h3 style=\"text-align: center;\"><strong>Water Conservation Model Ordinance Template for Municipalities\/Purveyors<\/strong><\/h3>\n<p>[\/vc_column_text][vc_separator color=&#8221;blue&#8221; border_width=&#8221;4&#8243; css=&#8221;&#8221;][\/vc_column][\/vc_row][vc_row el_id=&#8221;model-ordinance-template&#8221;][vc_column width=&#8221;1\/4&#8243;][vc_empty_space height=&#8221;40px&#8221;][vc_btn title=&#8221;Download Ordinance&#8221; color=&#8221;primary&#8221; size=&#8221;lg&#8221; align=&#8221;center&#8221; i_icon_fontawesome=&#8221;fas fa-file-word&#8221; css=&#8221;&#8221; add_icon=&#8221;true&#8221; link=&#8221;url:https%3A%2F%2Fwww.sustainablejersey.com%2Ffileadmin%2Fmedia%2FActions_and_Certification%2FActions%2FNaturalResources%2FWater_Conservation_Model_Ordinance.docx|target:_blank&#8221;][\/vc_column][vc_column width=&#8221;3\/4&#8243;][vc_column_text css=&#8221;&#8221;]<\/p>\n<h4><strong>Model Ordinance Template from <\/strong><strong>Sustainable Jersey\u00a0<\/strong><\/h4>\n<ul>\n<li>Municipalities\/Purveyors typically institute odd\/even, every other day watering schedules, which is not recommended as it has been shown to increase water use<\/li>\n<li>This ordinance limits water to two days per week<\/li>\n<li>This action can count toward a Gold Star in Water through <a href=\"https:\/\/www.sustainablejersey.com\/certification\/\">Sustainable Jersey\u2019s certification program<\/a>.<\/li>\n<\/ul>\n<p>[\/vc_column_text][vc_empty_space height=&#8221;80px&#8221;][\/vc_column][\/vc_row][vc_row disable_element=&#8221;yes&#8221;][vc_column width=&#8221;1\/2&#8243;][vc_row_inner disable_element=&#8221;yes&#8221;][vc_column_inner width=&#8221;1\/3&#8243;][vc_column_text css=&#8221;&#8221;]<a name=\"socialpost5-esp\"><\/a><\/p>\n<p><a href=\"https:\/\/deptest.nj.gov\/conserve-water\/wp-content\/uploads\/sites\/187\/leaky-faucet-esp-scaled.jpg\" download=\"leaky-faucet-esp.jpg\"><img decoding=\"async\" class=\"w-50 aligncenter\" src=\"https:\/\/deptest.nj.gov\/conserve-water\/wp-content\/uploads\/sites\/187\/leaky-faucet-esp-scaled.jpg\" alt=\"A Leaky Faucet Wastes up to 2 Gallons Every Day. That's Money Down the Drain. Fix Leaks, Save Money\" \/><\/a>[\/vc_column_text][vc_column_text css=&#8221;&#8221;]<\/p>\n<p style=\"text-align: center;\"><a class=\"btn btn-primary\" role=\"button\" href=\"https:\/\/deptest.nj.gov\/conserve-water\/wp-content\/uploads\/sites\/187\/leaky-faucet-esp-scaled.jpg\" download=\"leaky-faucet-esp.jpg\">Descarga<\/a><\/p>\n<p>[\/vc_column_text][vc_column_text css=&#8221;&#8221;]<strong>Texto para publicaci\u00f3n social sugerido:<\/strong><\/p>\n<p>El agua es un recurso preciado y un grifo que gotea puede desperdiciar hasta 7,5 litros de agua al d\u00eda.<br \/>\n\u2714\ufe0f\u00a1Arregle su grifo!<br \/>\n\ud83d\udca7Conserve nuestra agua<br \/>\n\ud83d\udcb5Ahorre dinero<br \/>\nVisite <a href=\"https:\/\/deptest.nj.gov\/conserve-water\/\">https:\/\/deptest.nj.gov\/conserve-water\/<\/a> para m\u00e1s consejos de c\u00f3mo conservar el agua.<br \/>\n#NewJersey #WaterConservation #Faucet[\/vc_column_text][\/vc_column_inner][vc_column_inner width=&#8221;1\/3&#8243;][vc_column_text css=&#8221;&#8221;]<a name=\"socialpost6-esp\"><\/a><\/p>\n<p><a href=\"https:\/\/deptest.nj.gov\/conserve-water\/wp-content\/uploads\/sites\/187\/small-changes-esp-scaled.jpg\" download=\"small-changes-esp.jpg\"><img decoding=\"async\" class=\"w-50 aligncenter\" src=\"https:\/\/deptest.nj.gov\/conserve-water\/wp-content\/uploads\/sites\/187\/small-changes-esp-scaled.jpg\" alt=\"Small Changes Make a Big Impact in Water Conservation\" \/><\/a>[\/vc_column_text][vc_column_text css=&#8221;&#8221;]<\/p>\n<p style=\"text-align: center;\"><a class=\"btn btn-primary\" role=\"button\" href=\"https:\/\/deptest.nj.gov\/conserve-water\/wp-content\/uploads\/sites\/187\/small-changes-esp-scaled.jpg\" download=\"small-changes-esp.jpg\">Descarga<\/a><\/p>\n<p>[\/vc_column_text][vc_column_text css=&#8221;&#8221;]<strong>Texto para publicaci\u00f3n social sugerido:<\/strong><br \/>\n\ud83d\udc40Riegue a profundidad y con menos frecuencia<br \/>\n\ud83c\udf3fRiegue las ra\u00edces y no las hojas<br \/>\n\ud83c\udfe1No es necesario regar el c\u00e9sped m\u00e1s de dos veces por semana[\/vc_column_text][\/vc_column_inner][vc_column_inner width=&#8221;1\/3&#8243;][vc_column_text css=&#8221;&#8221;]<a name=\"socialpost4-esp\"><\/a><\/p>\n<p><a href=\"https:\/\/deptest.nj.gov\/conserve-water\/wp-content\/uploads\/sites\/187\/dormant-grass-esp-scaled.jpg\" download=\"dormant-not-dead-esp.jpg\"><img decoding=\"async\" class=\"w-50 aligncenter\" src=\"https:\/\/deptest.nj.gov\/conserve-water\/wp-content\/uploads\/sites\/187\/dormant-grass-esp-scaled.jpg\" alt=\"Dormant, Not Dead!\" \/><\/a>[\/vc_column_text][vc_column_text css=&#8221;&#8221;]<\/p>\n<p style=\"text-align: center;\"><a class=\"btn btn-primary\" role=\"button\" href=\"https:\/\/deptest.nj.gov\/conserve-water\/wp-content\/uploads\/sites\/187\/dormant-grass-esp-scaled.jpg\" download=\"dormant-not-dead-esp.jpg\">Descarga<\/a><\/p>\n<p>[\/vc_column_text][vc_column_text css=&#8221;&#8221;]<strong>Texto para publicaci\u00f3n social sugerido:<\/strong><\/p>\n<p>\ud83d\udca4Deje que su c\u00e9sped descanse<br \/>\n\u00a1Puede hacer su parte para ayudar a conservar el agua en Nueva Jersey durante estos meses de sequ\u00eda!<br \/>\n\u00a1Visite <a href=\"https:\/\/bit.ly\/3zU8gsz\">https:\/\/bit.ly\/3zU8gsz<\/a> [bit.ly] para ver consejos de c\u00f3mo conservar el agua!<br \/>\n#WaterConservation[\/vc_column_text][\/vc_column_inner][\/vc_row_inner][vc_column_text css=&#8221;&#8221;]<a name=\"socialpost2\"><\/a><\/p>\n<h1>Social Post 2 Fall Infographic<\/h1>\n<p><a href=\"https:\/\/deptest.nj.gov\/conserve-water\/wp-content\/uploads\/sites\/187\/water-conservation-infographic-fall2024.jpg\"><img decoding=\"async\" class=\"w-50\" src=\"https:\/\/deptest.nj.gov\/conserve-water\/wp-content\/uploads\/sites\/187\/water-conservation-infographic-fall2024.jpg\" alt=\"10 Simple Steps to Save Water This Fall 2024\" \/><\/a>[\/vc_column_text][vc_column_text css=&#8221;&#8221;]<a class=\"btn btn-primary\" role=\"button\" href=\"https:\/\/deptest.nj.gov\/conserve-water\/wp-content\/uploads\/sites\/187\/water-conservation-infographic-fall2024.jpg\">Download<\/a>[\/vc_column_text][vc_column_text css=&#8221;&#8221;]<strong>Suggested social post text:<\/strong><\/p>\n<p>\ud83c\udf42\ud83d\udca7As fall continues here in New Jersey, it\u2019s more important than ever to be mindful of our water usage. With seasonal changes and ongoing water conservation efforts, small actions can make a big impact. Here are 5 simple steps you can take to help protect our water resources and support a more sustainable future for NJ:<\/p>\n<p>1\ufe0f\u20e3 Reduce usage by 65% and opt for a commercial car wash instead of washing your car at home. \ud83d\ude97<\/p>\n<p>2\ufe0f\u20e3 Postpone water-intensive yard work, like reseeding your lawn, until conditions improve.<\/p>\n<p>3\ufe0f\u20e3 Sweep, don\u2019t hose patios, driveways, and sidewalks. Never hose down paved surfaces! \ud83e\uddf9<\/p>\n<p>4\ufe0f\u20e3 Fix leaks around your home and irrigation system to prevent water waste.<\/p>\n<p>5\ufe0f\u20e3 If you\u2019re still watering plants, use less water and consider a rain barrel or watering can. \ud83c\udf31<\/p>\n<p>Visit <a href=\"https:\/\/deptest.nj.gov\/conserve-water\/why-conserve-water\/\">dep.nj.gov\/conserve-water\/why-conserve-water\/<\/a>\u00a0to learn more about the importance of water conservation and how you can do your part.<\/p>\n<p>#NewJersey #WaterConservation[\/vc_column_text][\/vc_column][vc_column width=&#8221;1\/2&#8243;][vc_column_text css=&#8221;&#8221;]<a name=\"socialpost1-esp\"><\/a><\/p>\n<h1>Publicaci\u00f3n social 2 Caer infograf\u00eda<\/h1>\n<p><a href=\"https:\/\/deptest.nj.gov\/conserve-water\/wp-content\/uploads\/sites\/187\/water-conservation-infographic-july2022-esp-scaled.jpg\"><img decoding=\"async\" class=\"w-50\" src=\"https:\/\/deptest.nj.gov\/conserve-water\/wp-content\/uploads\/sites\/187\/water-conservation-infographic-july2022-esp-scaled.jpg\" alt=\"10 Simple Steps to Save Water This Summer\" \/><\/a>[\/vc_column_text][vc_column_text]<a class=\"btn btn-primary\" role=\"button\" href=\"https:\/\/deptest.nj.gov\/conserve-water\/wp-content\/uploads\/sites\/187\/water-conservation-infographic-july2022-esp-scaled.jpg\">Descarga<\/a>[\/vc_column_text][vc_column_text css=&#8221;&#8221;]<strong>Texto de publicaci\u00f3n social sugerido: <\/strong><\/p>\n<p>\ud83c\udf42\ud83d\udca7 A medida que el oto\u00f1o contin\u00faa aqu\u00ed en Nueva Jersey, es m\u00e1s importante que nunca ser conscientes de nuestro uso del agua. Con los cambios estacionales y los esfuerzos continuos de conservaci\u00f3n del agua, peque\u00f1as acciones pueden tener un gran impacto. Aqu\u00ed hay 5 simples pasos que puedes tomar para ayudar a proteger nuestros recursos h\u00eddricos y apoyar un futuro m\u00e1s sostenible para NJ:<\/p>\n<p>1\ufe0f\u20e3 Reduce el uso de agua en un 65% y opta por un lavado de autos comercial en lugar de lavar tu auto en casa. \ud83d\ude97<\/p>\n<p>2\ufe0f\u20e3 Pospone trabajos de jardiner\u00eda que requieran mucha agua, como resembrar el c\u00e9sped, hasta que las condiciones mejoren.<\/p>\n<p>3\ufe0f\u20e3 Barre, no uses la manguera en patios, entradas de autos y aceras. \u00a1Nunca uses la manguera en superficies pavimentadas! \ud83e\uddf9<\/p>\n<p>4\ufe0f\u20e3 Repara las fugas en tu hogar y sistema de riego para prevenir el desperdicio de agua.<\/p>\n<p>5\ufe0f\u20e3 Si a\u00fan est\u00e1s regando plantas, usa menos agua y considera un barril de lluvia o una regadera. \ud83c\udf31<\/p>\n<p>Visita dep.nj.gov\/conserve-water\/why-conserve-water\/ para aprender m\u00e1s sobre la importancia de la conservaci\u00f3n del agua y c\u00f3mo puedes hacer tu parte.<\/p>\n<p>#NewJersey #WaterConservation[\/vc_column_text][\/vc_column][\/vc_row]<\/p>\n","protected":false},"excerpt":{"rendered":"<p>[vc_row][vc_column][vc_empty_space][breadcrumb-shortcode][\/vc_column][\/vc_row][vc_row full_width=&#8221;stretch_row&#8221; content_placement=&#8221;top&#8221; css=&#8221;.vc_custom_1741873760956{background-color: #C1EDFB !important;}&#8221; el_class=&#8221;mt-lg-4 mx-lg-5&#8243;][vc_column width=&#8221;1\/3&#8243;][vc_column_text css=&#8221;.vc_custom_1748972632917{margin-right: 50px !important;}&#8221;] Help Communicate That Every Drop Counts. Help spread public awareness of water conservation and how we can all do our part to conserve water. [\/vc_column_text][vc_single_image image=&#8221;1207&#8243; img_size=&#8221;medium&#8221; css=&#8221;&#8221;][vc_empty_space height=&#8221;60px&#8221;][\/vc_column][vc_column width=&#8221;2\/3&#8243;][vc_empty_space height=&#8221;60px&#8221;][vc_column_text css=&#8221;&#8221; el_class=&#8221;mb-0 pb-0&#8243;] Water Conservation Outreach Toolkit [\/vc_column_text][vc_empty_space height=&#8221;60px&#8221;][vc_tta_accordion section_title_tag=&#8221;h3&#8243; color=&#8221;white&#8221; c_icon=&#8221;chevron&#8221; [&hellip;]<\/p>\n","protected":false},"author":118,"featured_media":0,"parent":0,"menu_order":0,"comment_status":"closed","ping_status":"closed","template":"fullwidth.php","meta":{"footnotes":""},"class_list":["post-1112","page","type-page","status-publish","hentry"],"_links":{"self":[{"href":"https:\/\/deptest.nj.gov\/conserve-water\/wp-json\/wp\/v2\/pages\/1112","targetHints":{"allow":["GET"]}}],"collection":[{"href":"https:\/\/deptest.nj.gov\/conserve-water\/wp-json\/wp\/v2\/pages"}],"about":[{"href":"https:\/\/deptest.nj.gov\/conserve-water\/wp-json\/wp\/v2\/types\/page"}],"author":[{"embeddable":true,"href":"https:\/\/deptest.nj.gov\/conserve-water\/wp-json\/wp\/v2\/users\/118"}],"replies":[{"embeddable":true,"href":"https:\/\/deptest.nj.gov\/conserve-water\/wp-json\/wp\/v2\/comments?post=1112"}],"version-history":[{"count":121,"href":"https:\/\/deptest.nj.gov\/conserve-water\/wp-json\/wp\/v2\/pages\/1112\/revisions"}],"predecessor-version":[{"id":1414,"href":"https:\/\/deptest.nj.gov\/conserve-water\/wp-json\/wp\/v2\/pages\/1112\/revisions\/1414"}],"wp:attachment":[{"href":"https:\/\/deptest.nj.gov\/conserve-water\/wp-json\/wp\/v2\/media?parent=1112"}],"curies":[{"name":"wp","href":"https:\/\/api.w.org\/{rel}","templated":true}]}}